{"id":2476,"date":"2024-07-18T15:37:34","date_gmt":"2024-07-18T13:37:34","guid":{"rendered":"https:\/\/www.spagnolcucine.it\/?page_id=2476"},"modified":"2024-07-18T15:42:19","modified_gmt":"2024-07-18T13:42:19","slug":"cookie-policy","status":"publish","type":"page","link":"https:\/\/www.spagnolcucine.it\/fr\/cookie-policy\/","title":{"rendered":"Cookie Policy"},"content":{"rendered":"\n<div class=\"wp-block-group is-style-container\">\n<div style=\"height:100px\" aria-hidden=\"true\" class=\"wp-block-spacer\"><\/div>\n\n\n\n<h1 class=\"wp-block-heading\">Cookie Policy<\/h1>\n\n\n\n<script id=\"CookieDeclaration\" src=\"https:\/\/consent.cookiebot.com\/f253f331-e995-439b-9ee9-67c69c559542\/cd.js\" type=\"text\/javascript\" async><\/script>\n\n\n\n<div style=\"height:100px\" aria-hidden=\"true\" class=\"wp-block-spacer\"><\/div>\n<\/div>\n","protected":false},"excerpt":{"rendered":"<p>Cookie Policy<\/p>\n","protected":false},"author":1,"featured_media":0,"parent":0,"menu_order":0,"comment_status":"closed","ping_status":"open","template":"","meta":{"_acf_changed":false,"inline_featured_image":false,"footnotes":""},"class_list":["post-2476","page","type-page","status-publish","hentry"],"acf":[],"yoast_head":"<title>Spagnol Cucine - Cookie Policy<\/title>\n<meta name=\"description\" content=\"Cette politique de confidentialit\u00e9 d\u00e9finit les modalit\u00e9s de traitement des donn\u00e9es personnelles et de navigation sur le site Spagnol Cucine.\" \/>\n<meta name=\"robots\" content=\"noindex, follow\" \/>\n<meta property=\"og:locale\" content=\"fr_FR\" \/>\n<meta property=\"og:type\" content=\"article\" \/>\n<meta property=\"og:title\" content=\"Spagnol Cucine - Cookie Policy\" \/>\n<meta property=\"og:description\" content=\"Cette politique de confidentialit\u00e9 d\u00e9finit les modalit\u00e9s de traitement des donn\u00e9es personnelles et de navigation sur le site Spagnol Cucine.\" \/>\n<meta property=\"og:url\" content=\"https:\/\/www.spagnolcucine.it\/cookie-policy\/\" \/>\n<meta property=\"og:site_name\" content=\"Spagnol Cucine\" \/>\n<meta property=\"article:publisher\" content=\"https:\/\/www.facebook.com\/spagnolcucinesrl\" \/>\n<meta property=\"article:modified_time\" content=\"2024-07-18T13:42:19+00:00\" \/>\n<meta name=\"twitter:card\" content=\"summary_large_image\" \/>\n<meta name=\"twitter:label1\" content=\"Dur\u00e9e de lecture estim\u00e9e\" \/>\n\t<meta name=\"twitter:data1\" content=\"1 minute\" \/>\n<script type=\"application\/ld+json\" class=\"yoast-schema-graph\">{\"@context\":\"https:\/\/schema.org\",\"@graph\":[{\"@type\":\"WebPage\",\"@id\":\"https:\/\/www.spagnolcucine.it\/cookie-policy\/\",\"url\":\"https:\/\/www.spagnolcucine.it\/cookie-policy\/\",\"name\":\"Spagnol Cucine - Cookie Policy\",\"isPartOf\":{\"@id\":\"https:\/\/www.spagnolcucine.it\/#website\"},\"datePublished\":\"2024-07-18T13:37:34+00:00\",\"dateModified\":\"2024-07-18T13:42:19+00:00\",\"description\":\"Cette politique de confidentialit\u00e9 d\u00e9finit les modalit\u00e9s de traitement des donn\u00e9es personnelles et de navigation sur le site Spagnol Cucine.\",\"inLanguage\":\"fr-FR\",\"potentialAction\":[{\"@type\":\"ReadAction\",\"target\":[\"https:\/\/www.spagnolcucine.it\/cookie-policy\/\"]}]},{\"@type\":\"WebSite\",\"@id\":\"https:\/\/www.spagnolcucine.it\/#website\",\"url\":\"https:\/\/www.spagnolcucine.it\/\",\"name\":\"Spagnol Cucine\",\"description\":\"DESIGNED FOR LIFE\",\"publisher\":{\"@id\":\"https:\/\/www.spagnolcucine.it\/#organization\"},\"potentialAction\":[{\"@type\":\"SearchAction\",\"target\":{\"@type\":\"EntryPoint\",\"urlTemplate\":\"https:\/\/www.spagnolcucine.it\/?s={search_term_string}\"},\"query-input\":{\"@type\":\"PropertyValueSpecification\",\"valueRequired\":true,\"valueName\":\"search_term_string\"}}],\"inLanguage\":\"fr-FR\"},{\"@type\":\"Organization\",\"@id\":\"https:\/\/www.spagnolcucine.it\/#organization\",\"name\":\"Spagnol Cucine\",\"url\":\"https:\/\/www.spagnolcucine.it\/\",\"logo\":{\"@type\":\"ImageObject\",\"inLanguage\":\"fr-FR\",\"@id\":\"https:\/\/www.spagnolcucine.it\/#\/schema\/logo\/image\/\",\"url\":\"https:\/\/www.spagnolcucine.it\/wp-content\/uploads\/2023\/06\/spagnol-cucine-logo-black.svg\",\"contentUrl\":\"https:\/\/www.spagnolcucine.it\/wp-content\/uploads\/2023\/06\/spagnol-cucine-logo-black.svg\",\"width\":270,\"height\":41,\"caption\":\"Spagnol Cucine\"},\"image\":{\"@id\":\"https:\/\/www.spagnolcucine.it\/#\/schema\/logo\/image\/\"},\"sameAs\":[\"https:\/\/www.facebook.com\/spagnolcucinesrl\",\"http:\/\/linkedin.com\/company\/spagnol-cucine\",\"https:\/\/www.instagram.com\/spagnolcucinelb\/\",\"https:\/\/www.pinterest.it\/spagnolcucinelb\"]}]}<\/script>","yoast_head_json":{"title":"Spagnol Cucine - Cookie Policy","description":"Cette politique de confidentialit\u00e9 d\u00e9finit les modalit\u00e9s de traitement des donn\u00e9es personnelles et de navigation sur le site Spagnol Cucine.","robots":{"index":"noindex","follow":"follow"},"og_locale":"fr_FR","og_type":"article","og_title":"Spagnol Cucine - Cookie Policy","og_description":"Cette politique de confidentialit\u00e9 d\u00e9finit les modalit\u00e9s de traitement des donn\u00e9es personnelles et de navigation sur le site Spagnol Cucine.","og_url":"https:\/\/www.spagnolcucine.it\/cookie-policy\/","og_site_name":"Spagnol Cucine","article_publisher":"https:\/\/www.facebook.com\/spagnolcucinesrl","article_modified_time":"2024-07-18T13:42:19+00:00","twitter_card":"summary_large_image","twitter_misc":{"Dur\u00e9e de lecture estim\u00e9e":"1 minute"},"schema":{"@context":"https:\/\/schema.org","@graph":[{"@type":"WebPage","@id":"https:\/\/www.spagnolcucine.it\/cookie-policy\/","url":"https:\/\/www.spagnolcucine.it\/cookie-policy\/","name":"Spagnol Cucine - Cookie Policy","isPartOf":{"@id":"https:\/\/www.spagnolcucine.it\/#website"},"datePublished":"2024-07-18T13:37:34+00:00","dateModified":"2024-07-18T13:42:19+00:00","description":"Cette politique de confidentialit\u00e9 d\u00e9finit les modalit\u00e9s de traitement des donn\u00e9es personnelles et de navigation sur le site Spagnol Cucine.","inLanguage":"fr-FR","potentialAction":[{"@type":"ReadAction","target":["https:\/\/www.spagnolcucine.it\/cookie-policy\/"]}]},{"@type":"WebSite","@id":"https:\/\/www.spagnolcucine.it\/#website","url":"https:\/\/www.spagnolcucine.it\/","name":"Spagnol Cucine","description":"DESIGNED FOR LIFE","publisher":{"@id":"https:\/\/www.spagnolcucine.it\/#organization"},"potentialAction":[{"@type":"SearchAction","target":{"@type":"EntryPoint","urlTemplate":"https:\/\/www.spagnolcucine.it\/?s={search_term_string}"},"query-input":{"@type":"PropertyValueSpecification","valueRequired":true,"valueName":"search_term_string"}}],"inLanguage":"fr-FR"},{"@type":"Organization","@id":"https:\/\/www.spagnolcucine.it\/#organization","name":"Spagnol Cucine","url":"https:\/\/www.spagnolcucine.it\/","logo":{"@type":"ImageObject","inLanguage":"fr-FR","@id":"https:\/\/www.spagnolcucine.it\/#\/schema\/logo\/image\/","url":"https:\/\/www.spagnolcucine.it\/wp-content\/uploads\/2023\/06\/spagnol-cucine-logo-black.svg","contentUrl":"https:\/\/www.spagnolcucine.it\/wp-content\/uploads\/2023\/06\/spagnol-cucine-logo-black.svg","width":270,"height":41,"caption":"Spagnol Cucine"},"image":{"@id":"https:\/\/www.spagnolcucine.it\/#\/schema\/logo\/image\/"},"sameAs":["https:\/\/www.facebook.com\/spagnolcucinesrl","http:\/\/linkedin.com\/company\/spagnol-cucine","https:\/\/www.instagram.com\/spagnolcucinelb\/","https:\/\/www.pinterest.it\/spagnolcucinelb"]}]}},"_links":{"self":[{"href":"https:\/\/www.spagnolcucine.it\/fr\/wp-json\/wp\/v2\/pages\/2476","targetHints":{"allow":["GET"]}}],"collection":[{"href":"https:\/\/www.spagnolcucine.it\/fr\/wp-json\/wp\/v2\/pages"}],"about":[{"href":"https:\/\/www.spagnolcucine.it\/fr\/wp-json\/wp\/v2\/types\/page"}],"author":[{"embeddable":true,"href":"https:\/\/www.spagnolcucine.it\/fr\/wp-json\/wp\/v2\/users\/1"}],"replies":[{"embeddable":true,"href":"https:\/\/www.spagnolcucine.it\/fr\/wp-json\/wp\/v2\/comments?post=2476"}],"version-history":[{"count":2,"href":"https:\/\/www.spagnolcucine.it\/fr\/wp-json\/wp\/v2\/pages\/2476\/revisions"}],"predecessor-version":[{"id":2481,"href":"https:\/\/www.spagnolcucine.it\/fr\/wp-json\/wp\/v2\/pages\/2476\/revisions\/2481"}],"wp:attachment":[{"href":"https:\/\/www.spagnolcucine.it\/fr\/wp-json\/wp\/v2\/media?parent=2476"}],"curies":[{"name":"wp","href":"https:\/\/api.w.org\/{rel}","templated":true}]}}